{"id":3597,"date":"2024-10-01T12:46:10","date_gmt":"2024-10-01T10:46:10","guid":{"rendered":"https:\/\/siems-klein.at\/?page_id=3597"},"modified":"2026-03-16T10:53:07","modified_gmt":"2026-03-16T09:53:07","slug":"jobs","status":"publish","type":"page","link":"https:\/\/siems-klein.at\/?page_id=3597","title":{"rendered":"Stellenausschreibungen"},"content":{"rendered":"<div data-colibri-id=\"3597-c1\" class=\"style-2400 style-local-3597-c1 position-relative\">\n  <!---->\n  <div data-colibri-component=\"section\" data-colibri-id=\"3597-c2\" id=\"features-2\" class=\"h-section h-section-global-spacing d-flex align-items-lg-center align-items-md-center align-items-center style-2421 style-local-3597-c2 position-relative\">\n    <!---->\n    <!---->\n    <div class=\"h-section-grid-container h-section-boxed-container\">\n      <!---->\n      <div data-colibri-id=\"3597-c3\" class=\"h-row-container gutters-row-lg-0 gutters-row-md-0 gutters-row-0 gutters-row-v-lg-0 gutters-row-v-md-0 gutters-row-v-0 style-3537 style-local-3597-c3 position-relative\">\n        <!---->\n        <div class=\"h-row justify-content-lg-center justify-content-md-center justify-content-center align-items-lg-stretch align-items-md-stretch align-items-stretch gutters-col-lg-0 gutters-col-md-0 gutters-col-0 gutters-col-v-lg-0 gutters-col-v-md-0 gutters-col-v-0\">\n          <!---->\n          <div class=\"h-column h-column-container d-flex h-col-lg-auto h-col-md-auto h-col-auto style-3538-outer style-local-3597-c4-outer\">\n            <div data-colibri-id=\"3597-c4\" class=\"d-flex h-flex-basis h-column__inner h-px-lg-0 h-px-md-0 h-px-0 v-inner-lg-0 v-inner-md-0 v-inner-0 style-3538 style-local-3597-c4 position-relative\">\n              <!---->\n              <!---->\n              <div class=\"w-100 h-y-container h-column__content h-column__v-align flex-basis-100 align-self-lg-start align-self-md-start align-self-start\">\n                <!---->\n                <div data-colibri-id=\"3597-c5\" class=\"h-global-transition-all h-heading style-3539 style-local-3597-c5 position-relative h-element\">\n                  <!---->\n                  <div class=\"h-heading__outer style-3539 style-local-3597-c5\">\n                    <!---->\n                    <!---->\n                    <h2 class=\"\">Stellenausschreibungen\n                      <br>\n                    <\/h2>\n                  <\/div>\n                <\/div>\n              <\/div>\n            <\/div>\n          <\/div>\n        <\/div>\n      <\/div>\n      <div data-colibri-id=\"3597-c6\" class=\"h-row-container gutters-row-lg-2 gutters-row-md-2 gutters-row-0 gutters-row-v-lg-2 gutters-row-v-md-2 gutters-row-v-2 style-3540 style-local-3597-c6 position-relative\">\n        <!---->\n        <div class=\"h-row justify-content-lg-center justify-content-md-center justify-content-center align-items-lg-stretch align-items-md-stretch align-items-stretch gutters-col-lg-2 gutters-col-md-2 gutters-col-0 gutters-col-v-lg-2 gutters-col-v-md-2 gutters-col-v-2\">\n          <!---->\n          <div class=\"h-column h-column-container d-flex h-col-lg-auto h-col-md-auto h-col-auto style-3541-outer style-local-3597-c7-outer\">\n            <div data-colibri-id=\"3597-c7\" class=\"d-flex h-flex-basis h-column__inner h-px-lg-0 h-px-md-0 h-px-0 v-inner-lg-0 v-inner-md-0 v-inner-0 style-3541 style-local-3597-c7 position-relative\">\n              <!---->\n              <!---->\n              <div class=\"w-100 h-y-container h-column__content h-column__v-align flex-basis-100 align-self-lg-start align-self-md-start align-self-start\">\n                <!---->\n                <div data-colibri-id=\"3597-c8\" class=\"h-text h-text-component style-3543 style-local-3597-c8 position-relative h-element\">\n                  <!---->\n                  <!---->\n                  <div class=\"\">\n                    <p>Wir suchen Dich!&nbsp;<\/p>\n                  <\/div>\n                <\/div>\n              <\/div>\n            <\/div>\n          <\/div>\n        <\/div>\n      <\/div>\n    <\/div>\n  <\/div>\n  <div data-colibri-component=\"section\" data-colibri-id=\"3597-c13\" id=\"features-2\" class=\"h-section h-section-global-spacing d-flex align-items-lg-center align-items-md-center align-items-center style-2421 style-local-3597-c13 position-relative\">\n    <!---->\n    <!---->\n    <div class=\"h-section-grid-container h-section-boxed-container\">\n      <!---->\n      <div data-colibri-id=\"3597-c14\" class=\"h-row-container gutters-row-lg-2 gutters-row-md-2 gutters-row-2 gutters-row-v-lg-2 gutters-row-v-md-2 gutters-row-v-2 style-2422 style-local-3597-c14 position-relative\">\n        <!---->\n        <div class=\"h-row justify-content-lg-center justify-content-md-center justify-content-center align-items-lg-stretch align-items-md-stretch align-items-stretch gutters-col-lg-2 gutters-col-md-2 gutters-col-2 gutters-col-v-lg-2 gutters-col-v-md-2 gutters-col-v-2\">\n          <!---->\n          <div class=\"h-column h-column-container d-flex h-col-lg-6 h-col-md-6 h-col-12 style-2423-outer style-local-3597-c15-outer\">\n            <div data-colibri-id=\"3597-c15\" class=\"d-flex h-flex-basis h-column__inner h-px-lg-0 h-px-md-0 h-px-0 v-inner-lg-0 v-inner-md-0 v-inner-0 style-2423 style-local-3597-c15 position-relative\">\n              <!---->\n              <!---->\n              <div class=\"w-100 h-y-container h-column__content h-column__v-align flex-basis-100 align-self-lg-start align-self-md-start align-self-start\">\n                <!---->\n                <div data-colibri-id=\"3597-c24\" class=\"h-row-container gutters-row-lg-0 gutters-row-md-0 gutters-row-0 gutters-row-v-lg-0 gutters-row-v-md-0 gutters-row-v-0 style-2424 style-local-3597-c24 position-relative\">\n                  <!---->\n                  <div class=\"h-row justify-content-lg-center justify-content-md-center justify-content-center align-items-lg-stretch align-items-md-stretch align-items-stretch gutters-col-lg-0 gutters-col-md-0 gutters-col-0 gutters-col-v-lg-0 gutters-col-v-md-0 gutters-col-v-0\">\n                    <!---->\n                    <div class=\"h-column h-column-container d-flex h-col-lg-auto h-col-md-auto h-col-auto style-2425-outer style-local-3597-c25-outer\">\n                      <div data-colibri-id=\"3597-c25\" class=\"d-flex h-flex-basis h-column__inner h-px-lg-0 h-px-md-0 h-px-0 v-inner-lg-0 v-inner-md-0 v-inner-0 style-2425 style-local-3597-c25 position-relative\">\n                        <!---->\n                        <!---->\n                        <div class=\"w-100 h-y-container h-column__content h-column__v-align flex-basis-100 align-self-lg-start align-self-md-start align-self-start\">\n                          <!---->\n                          <div data-colibri-id=\"3597-c26\" class=\"d-block style-3536 style-local-3597-c26 position-relative h-element\">\n                            <!---->\n                            <div class=\"h-image__frame-container-outer\">\n                              <div class=\"h-image__frame-container\">\n                                <!---->\n                                <!---->\n                                <img loading=\"lazy\" decoding=\"async\" width=\"1124\" height=\"1124\" src=\"https:\/\/siems-klein.at\/wp-content\/uploads\/2024\/03\/cropped-cropped-Wirlphoto_SiemsKlein_20220127-52-scaled-1-1.jpg\" class=\"wp-image-3599 style-3536-image style-local-3597-c26-image\" alt=\"\" srcset=\"https:\/\/siems-klein.at\/wp-content\/uploads\/2024\/03\/cropped-cropped-Wirlphoto_SiemsKlein_20220127-52-scaled-1-1.jpg 1124w, https:\/\/siems-klein.at\/wp-content\/uploads\/2024\/03\/cropped-cropped-Wirlphoto_SiemsKlein_20220127-52-scaled-1-1-300x300.jpg 300w, https:\/\/siems-klein.at\/wp-content\/uploads\/2024\/03\/cropped-cropped-Wirlphoto_SiemsKlein_20220127-52-scaled-1-1-1024x1024.jpg 1024w, https:\/\/siems-klein.at\/wp-content\/uploads\/2024\/03\/cropped-cropped-Wirlphoto_SiemsKlein_20220127-52-scaled-1-1-150x150.jpg 150w, https:\/\/siems-klein.at\/wp-content\/uploads\/2024\/03\/cropped-cropped-Wirlphoto_SiemsKlein_20220127-52-scaled-1-1-768x768.jpg 768w\" sizes=\"auto, (max-width: 1124px) 100vw, 1124px\" \/>\n                                <div class=\"h-image__frame h-hide-lg h-hide-md h-hide-sm style-3536-frameImage style-local-3597-c26-frameImage\"><\/div>\n                              <\/div>\n                            <\/div>\n                          <\/div>\n                        <\/div>\n                      <\/div>\n                    <\/div>\n                    <div class=\"h-column h-column-container d-flex h-col-lg-auto h-col-md-auto h-col-auto style-2426-outer style-local-3597-c27-outer\">\n                      <div data-colibri-id=\"3597-c27\" class=\"d-flex h-flex-basis h-column__inner h-px-lg-3 h-px-md-3 h-px-3 v-inner-lg-3 v-inner-md-3 v-inner-3 style-2426 style-local-3597-c27 position-relative\">\n                        <!---->\n                        <!---->\n                        <div class=\"w-100 h-y-container h-column__content h-column__v-align flex-basis-100 align-self-lg-center align-self-md-center align-self-center\">\n                          <!---->\n                          <div data-colibri-id=\"3597-c28\" class=\"h-global-transition-all h-heading style-2427 style-local-3597-c28 position-relative h-element\">\n                            <!---->\n                            <div class=\"h-heading__outer style-2427 style-local-3597-c28\">\n                              <!---->\n                              <!---->\n                              <h4 class=\"\">Techniker\/in gesucht!<\/h4>\n                            <\/div>\n                          <\/div>\n                          <div data-colibri-id=\"3597-c29\" class=\"h-text h-text-component style-2428 style-local-3597-c29 position-relative h-element\">\n                            <!---->\n                            <!---->\n                            <div class=\"\">\n                              <p>Wir suchen Techniker\/innen<\/p>\n                              <p><span style=\"font-weight: 400; font-size: 16px; font-family: Lato; color: rgb(255, 255, 255);\">im westlichen N\u00d6, sowie in Wien, Burgenland, Salzburg, Steiermark, O\u00d6, K\u00e4rnten<\/span><\/p>\n                            <\/div>\n                          <\/div>\n                          <div data-colibri-id=\"3597-c30\" class=\"h-x-container style-2429 style-local-3597-c30 position-relative h-element\">\n                            <!---->\n                            <div class=\"h-x-container-inner style-dynamic-3597-c30-group style-2429-spacing style-local-3597-c30-spacing\"><span class=\"h-button__outer style-2430-outer style-local-3597-c31-outer d-inline-flex h-element\"><a h-use-smooth-scroll=\"true\" href=\"https:\/\/siems-klein.at\/wp-content\/uploads\/2025\/09\/Stellenausschreibung_Techniker-1.pdf\" target=\"_blank\"  data-colibri-id=\"3597-c31\" class=\"d-flex w-100 align-items-center h-button justify-content-lg-center justify-content-md-center justify-content-center style-2430 style-local-3597-c31 position-relative\"><!----><!----> <span>Download Stellenbeschreibung<\/span><\/a>\n                              <\/span>\n                            <\/div>\n                          <\/div>\n                        <\/div>\n                      <\/div>\n                    <\/div>\n                  <\/div>\n                <\/div>\n                <div data-colibri-id=\"3597-c32\" class=\"h-row-container gutters-row-lg-0 gutters-row-md-0 gutters-row-0 gutters-row-v-lg-0 gutters-row-v-md-0 gutters-row-v-0 style-2424 style-local-3597-c32 position-relative\">\n                  <!---->\n                  <div class=\"h-row justify-content-lg-center justify-content-md-center justify-content-center align-items-lg-stretch align-items-md-stretch align-items-stretch gutters-col-lg-0 gutters-col-md-0 gutters-col-0 gutters-col-v-lg-0 gutters-col-v-md-0 gutters-col-v-0\">\n                    <!---->\n                    <div class=\"h-column h-column-container d-flex h-col-lg-auto h-col-md-auto h-col-auto style-2425-outer style-local-3597-c33-outer\">\n                      <div data-colibri-id=\"3597-c33\" class=\"d-flex h-flex-basis h-column__inner h-px-lg-0 h-px-md-0 h-px-0 v-inner-lg-0 v-inner-md-0 v-inner-0 style-2425 style-local-3597-c33 position-relative\">\n                        <!---->\n                        <!---->\n                        <div class=\"w-100 h-y-container h-column__content h-column__v-align flex-basis-100 align-self-lg-start align-self-md-start align-self-start\">\n                          <!---->\n                          <div data-colibri-id=\"3597-c34\" class=\"d-block style-3536 style-local-3597-c34 position-relative h-element\">\n                            <!---->\n                            <div class=\"h-image__frame-container-outer\">\n                              <div class=\"h-image__frame-container\">\n                                <!---->\n                                <!---->\n                                <img loading=\"lazy\" decoding=\"async\" width=\"1124\" height=\"1124\" src=\"https:\/\/siems-klein.at\/wp-content\/uploads\/2024\/03\/cropped-cropped-Wirlphoto_SiemsKlein_20220127-52-scaled-1-1.jpg\" class=\"wp-image-3599 style-3536-image style-local-3597-c34-image\" alt=\"\" srcset=\"https:\/\/siems-klein.at\/wp-content\/uploads\/2024\/03\/cropped-cropped-Wirlphoto_SiemsKlein_20220127-52-scaled-1-1.jpg 1124w, https:\/\/siems-klein.at\/wp-content\/uploads\/2024\/03\/cropped-cropped-Wirlphoto_SiemsKlein_20220127-52-scaled-1-1-300x300.jpg 300w, https:\/\/siems-klein.at\/wp-content\/uploads\/2024\/03\/cropped-cropped-Wirlphoto_SiemsKlein_20220127-52-scaled-1-1-1024x1024.jpg 1024w, https:\/\/siems-klein.at\/wp-content\/uploads\/2024\/03\/cropped-cropped-Wirlphoto_SiemsKlein_20220127-52-scaled-1-1-150x150.jpg 150w, https:\/\/siems-klein.at\/wp-content\/uploads\/2024\/03\/cropped-cropped-Wirlphoto_SiemsKlein_20220127-52-scaled-1-1-768x768.jpg 768w\" sizes=\"auto, (max-width: 1124px) 100vw, 1124px\" \/>\n                                <div class=\"h-image__frame h-hide-lg h-hide-md h-hide-sm style-3536-frameImage style-local-3597-c34-frameImage\"><\/div>\n                              <\/div>\n                            <\/div>\n                          <\/div>\n                        <\/div>\n                      <\/div>\n                    <\/div>\n                    <div class=\"h-column h-column-container d-flex h-col-lg-auto h-col-md-auto h-col-auto style-2426-outer style-local-3597-c35-outer\">\n                      <div data-colibri-id=\"3597-c35\" class=\"d-flex h-flex-basis h-column__inner h-px-lg-3 h-px-md-3 h-px-3 v-inner-lg-3 v-inner-md-3 v-inner-3 style-2426 style-local-3597-c35 position-relative\">\n                        <!---->\n                        <!---->\n                        <div class=\"w-100 h-y-container h-column__content h-column__v-align flex-basis-100 align-self-lg-center align-self-md-center align-self-center\">\n                          <!---->\n                          <div data-colibri-id=\"3597-c36\" class=\"h-global-transition-all h-heading style-2427 style-local-3597-c36 position-relative h-element\">\n                            <!---->\n                            <div class=\"h-heading__outer style-2427 style-local-3597-c36\">\n                              <!---->\n                              <!---->\n                              <h4 class=\"\">Montagehelfer\/in gesucht!<\/h4>\n                            <\/div>\n                          <\/div>\n                          <div data-colibri-id=\"3597-c37\" class=\"h-text h-text-component style-2428 style-local-3597-c37 position-relative h-element\">\n                            <!---->\n                            <!---->\n                            <div class=\"\">\n                              <p>Wir suchen Montagehelfer\/innen<\/p>\n                              <p>f\u00fcr ganz \u00d6sterreich<\/p>\n                            <\/div>\n                          <\/div>\n                          <div data-colibri-id=\"3597-c38\" class=\"h-x-container style-2429 style-local-3597-c38 position-relative h-element\">\n                            <!---->\n                            <div class=\"h-x-container-inner style-dynamic-3597-c38-group style-2429-spacing style-local-3597-c38-spacing\"><span class=\"h-button__outer style-2430-outer style-local-3597-c39-outer d-inline-flex h-element\"><a h-use-smooth-scroll=\"true\" href=\"https:\/\/siems-klein.at\/wp-content\/uploads\/2025\/09\/Stellenausschreibung_Montagehelfer-1.pdf\" target=\"_blank\"  data-colibri-id=\"3597-c39\" class=\"d-flex w-100 align-items-center h-button justify-content-lg-center justify-content-md-center justify-content-center style-2430 style-local-3597-c39 position-relative\"><!----><!----> <span>Download Stellenbeschreibung<\/span><\/a>\n                              <\/span>\n                            <\/div>\n                          <\/div>\n                        <\/div>\n                      <\/div>\n                    <\/div>\n                  <\/div>\n                <\/div>\n              <\/div>\n            <\/div>\n          <\/div>\n        <\/div>\n      <\/div>\n    <\/div>\n  <\/div>\n<\/div>","protected":false},"excerpt":{"rendered":"<p>Stellenausschreibungen Wir suchen Dich!&nbsp; Techniker\/in gesucht! Wir suchen Techniker\/innen im westlichen N\u00d6, sowie in Wien, Burgenland, Salzburg, Steiermark, O\u00d6, K\u00e4rnten Download Stellenbeschreibung Montagehelfer\/in gesucht! Wir suchen Montagehelfer\/innen f\u00fcr ganz \u00d6sterreich Download Stellenbeschreibung<\/p>\n","protected":false},"author":1,"featured_media":0,"parent":0,"menu_order":0,"comment_status":"closed","ping_status":"closed","template":"page-templates\/full-width-page.php","meta":{"om_disable_all_campaigns":false,"_monsterinsights_skip_tracking":false,"_monsterinsights_sitenote_active":false,"_monsterinsights_sitenote_note":"","_monsterinsights_sitenote_category":0,"_uf_show_specific_survey":0,"_uf_disable_surveys":false,"footnotes":""},"class_list":["post-3597","page","type-page","status-publish","hentry"],"aioseo_notices":[],"_links":{"self":[{"href":"https:\/\/siems-klein.at\/index.php?rest_route=\/wp\/v2\/pages\/3597","targetHints":{"allow":["GET"]}}],"collection":[{"href":"https:\/\/siems-klein.at\/index.php?rest_route=\/wp\/v2\/pages"}],"about":[{"href":"https:\/\/siems-klein.at\/index.php?rest_route=\/wp\/v2\/types\/page"}],"author":[{"embeddable":true,"href":"https:\/\/siems-klein.at\/index.php?rest_route=\/wp\/v2\/users\/1"}],"replies":[{"embeddable":true,"href":"https:\/\/siems-klein.at\/index.php?rest_route=%2Fwp%2Fv2%2Fcomments&post=3597"}],"version-history":[{"count":20,"href":"https:\/\/siems-klein.at\/index.php?rest_route=\/wp\/v2\/pages\/3597\/revisions"}],"predecessor-version":[{"id":8002,"href":"https:\/\/siems-klein.at\/index.php?rest_route=\/wp\/v2\/pages\/3597\/revisions\/8002"}],"wp:attachment":[{"href":"https:\/\/siems-klein.at\/index.php?rest_route=%2Fwp%2Fv2%2Fmedia&parent=3597"}],"curies":[{"name":"wp","href":"https:\/\/api.w.org\/{rel}","templated":true}]}}