{"id":3,"date":"2024-02-23T21:19:20","date_gmt":"2024-02-23T20:19:20","guid":{"rendered":"https:\/\/main.glab.at\/?page_id=3"},"modified":"2025-10-29T07:42:51","modified_gmt":"2025-10-29T06:42:51","slug":"datenschutzerklaerung","status":"publish","type":"page","link":"https:\/\/siems-klein.at\/?page_id=3","title":{"rendered":"Datenschutzerkl\u00e4rung"},"content":{"rendered":"<div data-colibri-id=\"3-c1\" class=\"style-611 style-local-3-c1 position-relative\">\n  <!---->\n  <div data-colibri-component=\"section\" data-colibri-id=\"3-c2\" id=\"blank\" class=\"h-section h-section-global-spacing d-flex align-items-lg-center align-items-md-center align-items-center style-782 style-local-3-c2 position-relative\">\n    <!---->\n    <!---->\n    <div class=\"h-section-grid-container h-section-boxed-container\">\n      <!---->\n      <div data-colibri-id=\"3-c3\" class=\"h-row-container gutters-row-lg-2 gutters-row-md-2 gutters-row-0 gutters-row-v-lg-2 gutters-row-v-md-2 gutters-row-v-2 style-783 style-local-3-c3 position-relative\">\n        <!---->\n        <div class=\"h-row justify-content-lg-center justify-content-md-center justify-content-center align-items-lg-stretch align-items-md-stretch align-items-stretch gutters-col-lg-2 gutters-col-md-2 gutters-col-0 gutters-col-v-lg-2 gutters-col-v-md-2 gutters-col-v-2\">\n          <!---->\n          <div class=\"h-column h-column-container d-flex h-col-lg-auto h-col-md-auto h-col-auto style-785-outer style-local-3-c4-outer\">\n            <div data-colibri-id=\"3-c4\" class=\"d-flex h-flex-basis h-column__inner h-px-lg-2 h-px-md-2 h-px-2 v-inner-lg-2 v-inner-md-2 v-inner-2 style-785 style-local-3-c4 position-relative\">\n              <!---->\n              <!---->\n              <div class=\"w-100 h-y-container h-column__content h-column__v-align flex-basis-100 align-self-lg-start align-self-md-start align-self-start\">\n                <!---->\n                <div data-colibri-id=\"3-c5\" class=\"h-text h-text-component style-790 style-local-3-c5 position-relative h-element\">\n                  <!---->\n                  <!---->\n                  <div class=\"\">\n                    <h1>Impressum &amp; Datenschutz<\/h1>\n                  <\/div>\n                <\/div>\n              <\/div>\n            <\/div>\n          <\/div>\n        <\/div>\n      <\/div>\n    <\/div>\n  <\/div>\n  <div data-colibri-component=\"section\" data-colibri-id=\"3-c10\" id=\"custom\" class=\"h-section h-section-global-spacing d-flex align-items-lg-center align-items-md-center align-items-center style-616 style-local-3-c10 position-relative\">\n    <!---->\n    <!---->\n    <div class=\"h-section-grid-container h-section-boxed-container\">\n      <!---->\n      <div data-colibri-id=\"3-c11\" class=\"h-row-container gutters-row-lg-2 gutters-row-md-2 gutters-row-0 gutters-row-v-lg-2 gutters-row-v-md-2 gutters-row-v-2 style-617 style-local-3-c11 position-relative\">\n        <!---->\n        <div class=\"h-row justify-content-lg-center justify-content-md-center justify-content-center align-items-lg-stretch align-items-md-stretch align-items-stretch gutters-col-lg-2 gutters-col-md-2 gutters-col-0 gutters-col-v-lg-2 gutters-col-v-md-2 gutters-col-v-2\">\n          <!---->\n          <div class=\"h-column h-column-container d-flex h-col-lg-auto h-col-md-auto h-col-auto style-618-outer style-local-3-c12-outer\">\n            <div data-colibri-id=\"3-c12\" class=\"d-flex h-flex-basis h-column__inner h-px-lg-2 h-px-md-2 h-px-2 v-inner-lg-2 v-inner-md-2 v-inner-2 style-618 style-local-3-c12 position-relative\">\n              <!---->\n              <!---->\n              <div class=\"w-100 h-y-container h-column__content h-column__v-align flex-basis-100 align-self-lg-start align-self-md-start align-self-start\">\n                <!---->\n                <div data-colibri-id=\"3-c13\" class=\"h-text h-text-component style-619 style-local-3-c13 position-relative h-element\">\n                  <!---->\n                  <!---->\n                  <div class=\"\">\n                    <h4><strong style=\"font-weight: 700;\">Siems &amp; Klein<\/strong><\/h4>\n                    <p>Autowerkstatt Technik Vertriebs GmbH\n                      <br>Gro\u00dfmarktstra\u00dfe 10-12\n                      <br>A-1230 Wien\n                      <br>UID-Nr. ATU50034902\n                      <br>FN: 198544b\n                      <br>ARA: 5066\n                      <br>Zust\u00e4ndiges Bezirksamt: 23. Bezirk (Wien)\n                      <br>Kammer: Wirtschaftskammer Wien<\/p>\n                    <p>Gesch\u00e4ftsf\u00fchrer:&nbsp;M. Brachmann<\/p>\n                    <p>\n                      <a href=\"mailto:office@siems-klein.at\" style=\"font-family: Lato; font-weight: 400; font-size: 1em; color: rgb(67, 165, 255);\">office@siems-klein.at<\/a>\n                    <\/p>\n                  <\/div>\n                <\/div>\n              <\/div>\n            <\/div>\n          <\/div>\n          <div class=\"h-column h-column-container d-flex h-col-lg-auto h-col-md-auto h-col-auto style-622-outer style-local-3-c14-outer\">\n            <div data-colibri-id=\"3-c14\" class=\"d-flex h-flex-basis h-column__inner h-px-lg-2 h-px-md-2 h-px-2 v-inner-lg-2 v-inner-md-2 v-inner-2 style-622 style-local-3-c14 position-relative\">\n              <!---->\n              <!---->\n              <div class=\"w-100 h-y-container h-column__content h-column__v-align flex-basis-100 align-self-lg-start align-self-md-start align-self-start\">\n                <!---->\n                <div data-colibri-id=\"3-c15\" class=\"h-text h-text-component style-623 style-local-3-c15 position-relative h-element\">\n                  <!---->\n                  <!---->\n                  <div class=\"\">\n                    <h4><strong style=\"font-weight: 700;\">Siems &amp; Klein GmbH &amp; Co. KG<\/strong><\/h4>\n                    <p>Gro\u00dfmarktstra\u00dfe 10-12\n                      <br>A-1230 Wien\n                      <br>UID-Nr. ATU13722006\n                      <br>FN: 123689x&nbsp;FN:6768d\n                      <br>ARA: 5066\n                      <br>Zust\u00e4ndiges Bezirksamt: 23. Bezirk (Wien)\n                      <br>Kammer: Wirtschaftskammer Wien<\/p>\n                    <p>Gesch\u00e4ftsf\u00fchrer: KommR. Ing. C. Brachmann<\/p>\n                    <p>\n                      <a href=\"mailto:office@siems-klein.at\" style=\"color: rgb(67, 165, 255); font-size: 1em; font-weight: 400; font-family: Lato;\">office@siems-klein.at<\/a>\n                    <\/p>\n                  <\/div>\n                <\/div>\n              <\/div>\n            <\/div>\n          <\/div>\n        <\/div>\n      <\/div>\n      <div data-colibri-id=\"3-c16\" class=\"h-row-container gutters-row-lg-2 gutters-row-md-2 gutters-row-0 gutters-row-v-lg-2 gutters-row-v-md-2 gutters-row-v-2 style-624 style-local-3-c16 position-relative\">\n        <!---->\n        <div class=\"h-row justify-content-lg-center justify-content-md-center justify-content-center align-items-lg-stretch align-items-md-stretch align-items-stretch gutters-col-lg-2 gutters-col-md-2 gutters-col-0 gutters-col-v-lg-2 gutters-col-v-md-2 gutters-col-v-2\">\n          <!---->\n          <div class=\"h-column h-column-container d-flex h-col-lg-auto h-col-md-auto h-col-auto style-625-outer style-local-3-c17-outer\">\n            <div data-colibri-id=\"3-c17\" class=\"d-flex h-flex-basis h-column__inner h-px-lg-2 h-px-md-2 h-px-2 v-inner-lg-2 v-inner-md-2 v-inner-2 style-625 style-local-3-c17 position-relative\">\n              <!---->\n              <!---->\n              <div class=\"w-100 h-y-container h-column__content h-column__v-align flex-basis-100 align-self-lg-start align-self-md-start align-self-start\">\n                <!---->\n                <div data-colibri-id=\"3-c18\" class=\"h-text h-text-component style-626 style-local-3-c18 position-relative h-element\">\n                  <!---->\n                  <!---->\n                  <div class=\"\">\n                    <h1><strong style=\"font-weight: 300;\">Datenschutzerkl\u00e4rung<\/strong><\/h1>\n                    <p><strong>Anwendbare Rechtsvorschrift:<\/strong>&nbsp;www.ris.bka.gv.at\n                      <br><strong>Berufsbezeichnung:<\/strong>&nbsp;Autowerkstatt Technik Vertriebs GmbH<\/p>\n                    <p><strong>Datenschutzerkl\u00e4rung<\/strong><\/p>\n                    <p>In folgender Datenschutzerkl\u00e4rung informieren wir Sie \u00fcber die wichtigsten Aspekte der Datenverarbeitung im Rahmen unserer Webseite. Wir erheben und verarbeiten personenbezogene Daten nur auf Grundlage der gesetzlichen Bestimmungen\n                      (Datenschutzgrundverordnung, Telekommunikationsgesetz 2003).Sobald Sie als Benutzer auf unsere Webseite zugreifen oder diese besuchen wird Ihre IP-Adresse, Beginn sowie Beginn und Ende der Sitzung erfasst. Dies ist technisch bedingt\n                      und stellt somit ein berechtigtes Interesse iSv Art 6 Abs 1 lit f DSGVO.\n                      <br>\n                      <br><strong>Kontakt mit uns<\/strong>\n                      <br>Wenn Sie uns, entweder \u00fcber unser Kontaktformular auf unserer Webseite, oder per Email kontaktieren, dann werden die von Ihnen an uns \u00fcbermittelten Daten zwecks Bearbeitung Ihrer Anfrage oder f\u00fcr den Fall von weiteren Anschlussfragen\n                      f\u00fcr sechs Monate bei uns gespeichert. Es erfolgt, ohne Ihre Einwilligung, keine Weitergabe Ihrer \u00fcbermittelten Daten.\n                      <br>\n                      <br><strong>Cookies<\/strong>\n                      <br>Siems-Klein.at verwendet so genannte Cookies. Dabei handelt es sich um kleine Textdateien, die mit Hilfe des Browsers auf Ihrem Endger\u00e4t abgelegt werden. Sie richten keinen Schaden an. Wir nutzen Cookies dazu, unser Angebot nutzerfreundlich\n                      zu gestalten. Einige Cookies bleiben auf Ihrem Endger\u00e4t gespeichert, bis Sie diese l\u00f6schen. Sie erm\u00f6glichen es uns, Ihren Browser beim n\u00e4chsten Besuch wiederzuerkennen. Wenn Sie dies nicht w\u00fcnschen, so k\u00f6nnen Sie Ihren Browser so\n                      einrichten, dass er Sie \u00fcber das Setzen von Cookies informiert und Sie dies nur im Einzelfall erlauben. Bei der Deaktivierung von Cookies kann die Funktionalit\u00e4t unserer Website eingeschr\u00e4nkt sein.\n                      <br>\n                      <br><strong>Google Maps<\/strong>\n                      <br>Die Website verwendet Funktionen des Webkartendienstes \u201eGoogle Maps\u201c.\n                      <br>Dienstanbieter dieser Funktion ist: Google Ireland Limited Gordon House, Barrow Street Dublin 4. Ireland. Tel: +353 1 543 1000\n                      <br>\n                      <br>Im Zuge der Nutzung von Google Maps ist es notwendig Ihre IP-Adresse zu speichern und zu verarbeiten. Google \u00fcbertr\u00e4gt in der Regel an einen Server in den USA und speichert die Daten dort. Die Verarbeitung geschieht durch den Diensteanbieter\n                      (oben genannt), der Betreiber dieser Homepage hat keinen Einfluss auf die \u00dcbertragung der Daten. Die Datenverarbeitung erfolgt auf Basis der gesetzlichen Bestimmungen des \u00a7 96 Abs 3 TKG sowie des Art 6 Abs 1 lit f (berechtigtes Interesse)\n                      der DSGVO. Die Nutzung von Google Maps erh\u00f6ht die Auffindbarkeit der Orte, welche auf unserer Webseite bereitgestellt werden. Weitere Informationen \u00fcber den Umgang mit Nutzerdaten des Diensteanbieters \u201eGoogle\u201c k\u00f6nnen Sie der Datenschutzerkl\u00e4rung\n                      entnehmen:\n                      <a href=\"https:\/\/policies.google.com\/privacy?hl=de\" class=\"customize-unpreviewable\">https:\/\/policies.google.com\/privacy?hl=de<\/a> . Google verarbeitet die Daten auch in den USA, hat sich jedoch dem\n                      <br>EU-US Privacy-Shield unterworfen.\n                      <a href=\"https:\/\/www.privacyshield.gov\/EU-US-Framework\" class=\"customize-unpreviewable\">https:\/\/www.privacyshield.gov\/EU-US-Framework<\/a>\n                      <br>\n                    <\/p>\n                    <p><strong>Google Fonts<\/strong><\/p>\n                    <p>Unsere Website verwendet Schriftarten von \u201eGoogle Fonts\u201c. Der Dienstanbieter dieser Funktion ist:<\/p>\n                    <ul>\n                      <li>Google Ireland Limited Gordon House, Barrow Street Dublin 4. Ireland<\/li>\n                    <\/ul>\n                    <p>Tel: +353 1 543 1000<\/p>\n                    <p>Beim Aufrufen dieser Webseite l\u00e4dt Ihr Browser Schriftarten und speichert diese in den Cache. Da Sie, als Besucher der Webseite, Daten des Dienstanbieters empfangen kann Google unter Umst\u00e4nden Cookies auf Ihrem Rechner setzen oder\n                      analysieren.<\/p>\n                    <p>Die Nutzung von \u201eGoogle-Fonts\u201c dient der Optimierung unserer Dienstleistung und der einheitlichen Darstellung von Inhalten. Dies stellt ein berechtigtes Interesse im Sinne von Art. 6 Abs. 1 lit. f DSGVO dar.<\/p>\n                    <p>Weitere Informationen zu Google Fonts erhalten Sie unter folgendem Link:<\/p>\n                    <ul>\n                      <li>\n                        <a href=\"https:\/\/developers.google.com\/fonts\/faq\" class=\"customize-unpreviewable\">https:\/\/developers.google.com\/fonts\/faq<\/a>\n                      <\/li>\n                    <\/ul>\n                    <p>Weitere Informationen \u00fcber den Umgang mit Nutzerdaten von Google k\u00f6nnen Sie der Datenschutzerkl\u00e4rung entnehmen:<\/p>\n                    <ul>\n                      <li>\n                        <a href=\"https:\/\/policies.google.com\/privacy?hl=de\" class=\"customize-unpreviewable\">https:\/\/policies.google.com\/privacy?hl=de<\/a> .<\/li>\n                    <\/ul>\n                    <p>Google verarbeitet die Daten auch in den USA, hat sich jedoch dem\n                      <br>EU-US Privacy-Shield unterworfen.<\/p>\n                    <p>\n                      <a href=\"https:\/\/www.privacyshield.gov\/EU-US-Framework\" class=\"customize-unpreviewable\">https:\/\/www.privacyshield.gov\/EU-US-Framework<\/a>\n                    <\/p>\n                    <p>I<strong>hre Rechte als Betroffener<\/strong><\/p>\n                    <p><span style=\"font-weight: 400;\">Sie als Betroffener haben bez\u00fcglich Ihrer Daten, welche bei uns gespeichert sind grunds\u00e4tzlich ein Recht auf:<br>-) Auskunft<\/span><strong style=\"font-weight: 400;\"><br><\/strong><span style=\"font-weight: 400;\">-) L\u00f6schung der Daten<\/span>\n                      <strong\n                        style=\"font-weight: 400;\">\n                        <br>-) <\/strong><span style=\"font-weight: 400;\">Berichtigung der Daten<\/span><strong style=\"font-weight: 400;\"><br>-) <\/strong><span style=\"font-weight: 400;\">\u00dcbertragbarkeit der Daten<\/span><strong style=\"font-weight: 400;\"><br>-) <\/strong>\n                        <span\n                          style=\"font-weight: 400;\">Wiederruf und Widerspruch zur Datenverarbeitung<\/span><strong style=\"font-weight: 400;\"><br><\/strong><span style=\"font-weight: 400;\">-) Einschr\u00e4nkung<\/span><strong style=\"font-weight: 400;\"><br><br><\/strong><span style=\"font-weight: 400;\">Wenn sie vermuten, dass im Zuge der Verarbeitung Ihrer Daten Verst\u00f6\u00dfe gegen das Datenschutzrecht passiert sind, so haben Sie die M\u00f6glichkeit sich bei uns (office@SIEMS-klein.at) oder der Datenschutzbeh\u00f6rde zu beschweren.<\/span><strong><br><br><\/strong><\/p>\n                    <p><strong>Nutzung von Google Analytics<\/strong><\/p>\n                    <p>Wir verwenden Google Analytics, um die Website-Nutzung zu analysieren. Die daraus gewonnenen Daten werden genutzt, um unsere Website sowie Werbema\u00dfnahmen zu optimieren.&nbsp;<\/p>\n                    <p>Google Analytics wird uns von&nbsp;Google Ireland Limited (Gordon House, Barrow Street, Dublin 4, Irland) bereitgestellt. Google verarbeitet die Daten zur Website-Nutzung in unserem Auftrag und verpflichtet sich vertraglich zu Ma\u00dfnahmen,\n                      um die Sicherheit und Vertraulichkeit der verarbeiteten Daten zu gew\u00e4hrleisten.<\/p>\n                    <p>W\u00e4hrend Ihres Website-Besuchs werden u.a. folgende Daten an Google \u00fcbermittelt:<\/p>\n                    <ul>\n                      <li>Aufgerufene Seiten<\/li>\n                      <li>Bestellungen inkl. des Umsatzes und der bestellten Produkte<\/li>\n                      <li>Die Erreichung von &#8222;Website-Zielen&#8220;&nbsp;(z.B. Kontaktanfragen und Newsletter-Anmeldungen)<\/li>\n                      <li>Ihr Verhalten auf den Seiten&nbsp;(beispielsweise Verweildauer, Klicks, Scrolltiefe)<\/li>\n                      <li>Ihr ungef\u00e4hrer Standort (Land und Stadt)<\/li>\n                      <li>Ihre Internetadresse (IP-Adresse)<\/li>\n                      <li>Technische Informationen wie Browser, Internetanbieter, Endger\u00e4t und Bildschirmaufl\u00f6sung<\/li>\n                      <li>Herkunftsquelle Ihres Besuchs (d.h. \u00fcber welche Website bzw. \u00fcber welches Werbemittel Sie zu uns gekommen sind)<\/li>\n                      <li>Eine zufallsgenerierte User-ID<\/li>\n                    <\/ul>\n                    <p>Es werden keine pers\u00f6nliche Daten wie Name, Anschrift oder Kontaktdaten an Google Analytics \u00fcbertragen.<\/p>\n                    <p>Diese Daten werden an Server von Google in den USA \u00fcbertragen. Wir weisen darauf hin, dass in den USA datenschutzrechtlich nicht das gleiche Schutzniveau wie innerhalb der EU garantiert werden kann.&nbsp;<\/p>\n                    <p>Google Analytics speichert Cookies in Ihrem Webbrowser f\u00fcr die Dauer von zwei&nbsp;Jahren seit Ihrem letzten Besuch. Diese Cookies enthaltene eine zufallsgenerierte User-ID, mit der Sie bei zuk\u00fcnftigen Website-Besuchen wiedererkannt\n                      werden k\u00f6nnen.<\/p>\n                    <p>Die aufgezeichneten Daten werden zusammen mit der zufallsgenerierten User-ID gespeichert, was die Auswertung pseudonymer Nutzerprofile erm\u00f6glicht.&nbsp;Diese nutzerbezogenen Daten werden automatisch nach 14 Monaten gel\u00f6scht.&nbsp;Sonstige\n                      Daten bleiben in aggregierter Form unbefristet gespeichert.<\/p>\n                    <p>Sollten Sie mit der Erfassung nicht einverstanden sein, k\u00f6nnen Sie diese mit der einmaligen Installation des&nbsp;\n                      <a href=\"https:\/\/tools.google.com\/dlpage\/gaoptout?hl=de\" style=\"font-weight: 600; color: rgb(0, 102, 204);\" class=\"customize-unpreviewable\">Browser-Add-ons zur Deaktivierung von Google Analytics<\/a>&nbsp;unterbinden&nbsp;oder durch das Ablehnen der Cookies \u00fcber unseren Cookie-Einstellungs-Dialog.<\/p>\n                    <h5><strong>Server-Log Files<\/strong><\/h5>\n                    <p>Diese Webseite und der damit verbundene Provider erhebt im Zuge der Webseitennutzung automatisch Informationen im Rahmen sogenannter \u201eServer-Log Files\u201c. Dies betrifft insbesondere:<\/p>\n                    <ul>\n                      <li>IP-Adresse oder Hostname<\/li>\n                      <li>den verwendeten Browser<\/li>\n                      <li>Aufenthaltsdauer auf der Webseite sowie Datum und Uhrzeit<\/li>\n                      <li>aufgerufene Seiten der Webseite<\/li>\n                      <li>Spracheinstellungen und Betriebssystem<\/li>\n                      <li>\u201eLeaving-Page\u201c (auf welcher URL hat der Benutzer die Webseite verlassen)<\/li>\n                      <li>ISP (Internet Service Provider)<\/li>\n                    <\/ul>\n                    <p>Diese erhobenen Informationen werden nicht personenbezogen verarbeitet oder mit personenbezogenen Daten in Verbindung gebracht.<\/p>\n                    <p>Der Webseitenbetreiber beh\u00e4lt es sich vor, im Falle von Bekanntwerden rechtswidriger T\u00e4tigkeiten, diese Daten auszuwerten oder zu \u00fcberpr\u00fcfen.<\/p>\n                    <p>\n                      <br>\n                    <\/p>\n                    <p>Quelle:&nbsp;\n                      <a href=\"https:\/\/www.fairesrecht.at\/kostenlos-datenschutzerklaerung-erstellen-generator.php\" target=\"_blank\" class=\"customize-unpreviewable\">https:\/\/www.fairesrecht.at\/kostenlos-datenschutzerklaerung-erstellen-generator.php<\/a>\n                    <\/p>\n                    <p>Datenschutz zur Verf\u00fcgung gestellt von:\n                      <a href=\"https:\/\/advolist.at\" rel=\"noreferrer noopener\" target=\"_blank\" class=\"customize-unpreviewable\">https:\/\/advolist.at\/<\/a>\n                      <br>\n                    <\/p>\n                    <p>Google Analytics zur Verf\u00fcgung gestellt von:&nbsp;<em style=\"font-weight: 400; font-size: 16px; font-family: Lato; color: rgb(153, 153, 153);\">&nbsp;<\/em>\n                      <a href=\"https:\/\/traffic3.net\/wissen\/webanalyse\/google-analytics-datenschutzerklarung\"\n                        style=\"font-weight: 600; font-size: 16px; font-family: Lato; color: rgb(0, 102, 204);\" class=\"customize-unpreviewable\"><em>traffic3.net<\/em><\/a>\n                    <\/p>\n                    <p><strong style=\"color: rgb(6, 6, 6); font-size: 1em; font-weight: 400; font-family: Lato;\">Bildquelle (royality free):&nbsp;https:\/\/www.freepik.com<\/strong><\/p>\n                    <p>\n                      <br>\n                    <\/p>\n                    <p>\n                      <br>\n                    <\/p>\n                  <\/div>\n                <\/div>\n              <\/div>\n            <\/div>\n          <\/div>\n        <\/div>\n      <\/div>\n    <\/div>\n  <\/div>\n<\/div>","protected":false},"excerpt":{"rendered":"<p>Impressum &amp; Datenschutz Siems &amp; Klein Autowerkstatt Technik Vertriebs GmbH Gro\u00dfmarktstra\u00dfe 10-12 A-1230 Wien UID-Nr. ATU50034902 FN: 198544b ARA: 5066 Zust\u00e4ndiges Bezirksamt: 23. Bezirk (Wien) Kammer: Wirtschaftskammer Wien Gesch\u00e4ftsf\u00fchrer:&nbsp;M. Brachmann office@siems-klein.at Siems &amp; Klein GmbH &amp; Co. KG Gro\u00dfmarktstra\u00dfe 10-12 A-1230 Wien UID-Nr. ATU13722006 FN: 123689x&nbsp;FN:6768d ARA: 5066 Zust\u00e4ndiges Bezirksamt: 23. Bezirk (Wien) Kammer: Wirtschaftskammer [&hellip;]<\/p>\n","protected":false},"author":1,"featured_media":0,"parent":0,"menu_order":0,"comment_status":"closed","ping_status":"closed","template":"page-templates\/full-width-page.php","meta":{"om_disable_all_campaigns":false,"_monsterinsights_skip_tracking":false,"_monsterinsights_sitenote_active":false,"_monsterinsights_sitenote_note":"","_monsterinsights_sitenote_category":0,"_uf_show_specific_survey":0,"_uf_disable_surveys":false,"footnotes":""},"class_list":["post-3","page","type-page","status-publish","hentry"],"aioseo_notices":[],"_links":{"self":[{"href":"https:\/\/siems-klein.at\/index.php?rest_route=\/wp\/v2\/pages\/3","targetHints":{"allow":["GET"]}}],"collection":[{"href":"https:\/\/siems-klein.at\/index.php?rest_route=\/wp\/v2\/pages"}],"about":[{"href":"https:\/\/siems-klein.at\/index.php?rest_route=\/wp\/v2\/types\/page"}],"author":[{"embeddable":true,"href":"https:\/\/siems-klein.at\/index.php?rest_route=\/wp\/v2\/users\/1"}],"replies":[{"embeddable":true,"href":"https:\/\/siems-klein.at\/index.php?rest_route=%2Fwp%2Fv2%2Fcomments&post=3"}],"version-history":[{"count":19,"href":"https:\/\/siems-klein.at\/index.php?rest_route=\/wp\/v2\/pages\/3\/revisions"}],"predecessor-version":[{"id":6302,"href":"https:\/\/siems-klein.at\/index.php?rest_route=\/wp\/v2\/pages\/3\/revisions\/6302"}],"wp:attachment":[{"href":"https:\/\/siems-klein.at\/index.php?rest_route=%2Fwp%2Fv2%2Fmedia&parent=3"}],"curies":[{"name":"wp","href":"https:\/\/api.w.org\/{rel}","templated":true}]}}