{"id":1114,"date":"2024-03-11T11:27:09","date_gmt":"2024-03-11T10:27:09","guid":{"rendered":"https:\/\/main.glab.at\/?page_id=1114"},"modified":"2025-12-16T12:55:30","modified_gmt":"2025-12-16T11:55:30","slug":"colibri-1114","status":"publish","type":"page","link":"https:\/\/siems-klein.at\/?page_id=1114","title":{"rendered":"Batteriedienst-Ladeger\u00e4te"},"content":{"rendered":"<div data-colibri-id=\"1114-c1\" class=\"style-1478 style-local-1114-c1 position-relative\">\n  <!---->\n  <div data-colibri-component=\"section\" data-colibri-id=\"1114-c2\" id=\"reusable-sections\" class=\"h-section h-section-global-spacing d-flex align-items-lg-center align-items-md-center align-items-center style-1479 style-local-1114-c2 position-relative\">\n    <!---->\n    <!---->\n    <div class=\"h-section-grid-container h-section-boxed-container\">\n      <!---->\n      <div data-colibri-id=\"1114-c3\" class=\"h-row-container gutters-row-lg-2 gutters-row-md-2 gutters-row-0 gutters-row-v-lg-2 gutters-row-v-md-2 gutters-row-v-2 style-1480 style-local-1114-c3 position-relative\">\n        <!---->\n        <div class=\"h-row justify-content-lg-center justify-content-md-center justify-content-center align-items-lg-stretch align-items-md-stretch align-items-stretch gutters-col-lg-2 gutters-col-md-2 gutters-col-0 gutters-col-v-lg-2 gutters-col-v-md-2 gutters-col-v-2\">\n          <!---->\n          <div class=\"h-column h-column-container d-flex h-col-lg-auto h-col-md-auto h-col-auto style-1481-outer style-local-1114-c4-outer\">\n            <div data-colibri-id=\"1114-c4\" class=\"d-flex h-flex-basis h-column__inner h-px-lg-2 h-px-md-2 h-px-2 v-inner-lg-2 v-inner-md-2 v-inner-2 style-1481 style-local-1114-c4 position-relative\">\n              <!---->\n              <!---->\n              <div class=\"w-100 h-y-container h-column__content h-column__v-align flex-basis-100 align-self-lg-start align-self-md-start align-self-start\">\n                <!---->\n                <div data-colibri-id=\"1114-c5\" class=\"h-text h-text-component style-1482 style-local-1114-c5 position-relative h-element\">\n                  <!---->\n                  <!---->\n                  <div class=\"\">\n                    <p>Ladeger\u00e4te<\/p>\n                  <\/div>\n                <\/div>\n              <\/div>\n            <\/div>\n          <\/div>\n        <\/div>\n      <\/div>\n    <\/div>\n  <\/div>\n  <div data-colibri-component=\"section\" data-colibri-id=\"1114-c26\" id=\"reusable-sections-2\" class=\"h-section h-section-global-spacing d-flex align-items-lg-center align-items-md-center align-items-center style-3751 style-local-1114-c26 position-relative\">\n    <!---->\n    <!---->\n    <div class=\"h-section-grid-container h-section-boxed-container\">\n      <!---->\n      <div data-colibri-id=\"1114-c27\" class=\"h-row-container gutters-row-lg-1 gutters-row-md-1 gutters-row-0 gutters-row-v-lg-1 gutters-row-v-md-1 gutters-row-v-1 style-3752 style-local-1114-c27 position-relative\">\n        <!---->\n        <div class=\"h-row justify-content-lg-center justify-content-md-center justify-content-center align-items-lg-stretch align-items-md-stretch align-items-stretch gutters-col-lg-1 gutters-col-md-1 gutters-col-0 gutters-col-v-lg-1 gutters-col-v-md-1 gutters-col-v-1\">\n          <!---->\n          <div class=\"h-column h-column-container d-flex h-col-lg-auto h-col-md-auto h-col-auto style-3753-outer style-local-1114-c28-outer\">\n            <div data-colibri-id=\"1114-c28\" class=\"d-flex h-flex-basis h-column__inner h-px-lg-2 h-px-md-2 h-px-2 v-inner-lg-2 v-inner-md-2 v-inner-2 style-3753 style-local-1114-c28 position-relative\">\n              <!---->\n              <!---->\n              <div class=\"w-100 h-y-container h-column__content h-column__v-align flex-basis-100 align-self-lg-start align-self-md-start align-self-start\">\n                <!---->\n                <div data-colibri-id=\"1114-c29\" class=\"h-global-transition-all h-heading style-3754 style-local-1114-c29 position-relative h-element\">\n                  <!---->\n                  <div class=\"h-heading__outer style-3754 style-local-1114-c29\">\n                    <!---->\n                    <!---->\n                    <h3 class=\"\">Unsere Produkte:<\/h3>\n                  <\/div>\n                <\/div>\n                <div data-colibri-id=\"1114-c30\" class=\"style-3755 style-local-1114-c30 position-relative h-element\">\n                  <!---->\n                  <div class=\"\"><div class=\"_df_book df-lite\" id=\"df_6802\"  _slug=\"ladegeraete\" data-title=\"ladegeraete\" wpoptions=\"true\" thumb=\"https:\/\/siems-klein.at\/wp-content\/uploads\/2025\/12\/Titel_ladegeraete-scaled.jpg\" thumbtype=\"\" ><\/div><script class=\"df-shortcode-script\" nowprocket type=\"application\/javascript\">window.option_df_6802 = {\"outline\":[],\"autoEnableOutline\":\"false\",\"autoEnableThumbnail\":\"false\",\"overwritePDFOutline\":\"true\",\"direction\":\"1\",\"pageSize\":\"0\",\"source\":\"https:\\\/\\\/siems-klein.at\\\/wp-content\\\/uploads\\\/2025\\\/12\\\/Ladegeraete.pdf\",\"wpOptions\":\"true\"}; if(window.DFLIP && window.DFLIP.parseBooks){window.DFLIP.parseBooks();}<\/script><\/div>\n                <\/div>\n              <\/div>\n            <\/div>\n          <\/div>\n        <\/div>\n      <\/div>\n    <\/div>\n  <\/div>\n  <div data-colibri-component=\"section\" data-colibri-id=\"1114-c18\" id=\"reusable-sections-3\" class=\"h-section h-section-global-spacing d-flex align-items-lg-center align-items-md-center align-items-center style-1493 style-local-1114-c18 position-relative\">\n    <!---->\n    <!---->\n    <div class=\"h-section-grid-container h-section-boxed-container\">\n      <!---->\n      <div data-colibri-id=\"1114-c19\" class=\"h-row-container gutters-row-lg-2 gutters-row-md-2 gutters-row-0 gutters-row-v-lg-2 gutters-row-v-md-2 gutters-row-v-2 style-1494 style-local-1114-c19 position-relative\">\n        <!---->\n        <div class=\"h-row justify-content-lg-center justify-content-md-center justify-content-center align-items-lg-stretch align-items-md-stretch align-items-stretch gutters-col-lg-2 gutters-col-md-2 gutters-col-0 gutters-col-v-lg-2 gutters-col-v-md-2 gutters-col-v-2\">\n          <!---->\n          <div class=\"h-column h-column-container d-flex h-col-lg-auto h-col-md-auto h-col-auto style-1495-outer style-local-1114-c20-outer\">\n            <div data-colibri-id=\"1114-c20\" class=\"d-flex h-flex-basis h-column__inner h-px-lg-2 h-px-md-2 h-px-2 v-inner-lg-2 v-inner-md-2 v-inner-2 style-1495 style-local-1114-c20 position-relative\">\n              <!---->\n              <!---->\n              <div class=\"w-100 h-y-container h-column__content h-column__v-align flex-basis-100 align-self-lg-start align-self-md-start align-self-start\">\n                <!---->\n                <div data-colibri-id=\"1114-c21\" class=\"h-text h-text-component style-1496 style-local-1114-c21 position-relative h-element\">\n                  <!---->\n                  <!---->\n                  <div class=\"\">\n                    <p>Interesse an einem unserer Produkte geweckt?<\/p>\n                    <p>Kontaktieren Sie uns f\u00fcr ein unverbindliches Gespr\u00e4ch oder Beratung!<\/p>\n                  <\/div>\n                <\/div>\n              <\/div>\n            <\/div>\n          <\/div>\n        <\/div>\n      <\/div>\n      <div data-colibri-id=\"1114-c22\" class=\"h-row-container gutters-row-lg-2 gutters-row-md-2 gutters-row-0 gutters-row-v-lg-2 gutters-row-v-md-2 gutters-row-v-2 style-1497 style-local-1114-c22 position-relative\">\n        <!---->\n        <div class=\"h-row justify-content-lg-center justify-content-md-center justify-content-center align-items-lg-stretch align-items-md-stretch align-items-stretch gutters-col-lg-2 gutters-col-md-2 gutters-col-0 gutters-col-v-lg-2 gutters-col-v-md-2 gutters-col-v-2\">\n          <!---->\n          <div class=\"h-column h-column-container d-flex h-col-lg-auto h-col-md-auto h-col-auto style-1498-outer style-local-1114-c23-outer\">\n            <div data-colibri-id=\"1114-c23\" class=\"d-flex h-flex-basis h-column__inner h-px-lg-2 h-px-md-2 h-px-2 v-inner-lg-2 v-inner-md-2 v-inner-2 style-1498 style-local-1114-c23 position-relative\">\n              <!---->\n              <!---->\n              <div class=\"w-100 h-y-container h-column__content h-column__v-align flex-basis-100 align-self-lg-start align-self-md-start align-self-start\">\n                <!---->\n                <div data-colibri-id=\"1114-c24\" class=\"h-x-container style-1499 style-local-1114-c24 position-relative h-element\">\n                  <!---->\n                  <div class=\"h-x-container-inner style-dynamic-1114-c24-group style-1499-spacing style-local-1114-c24-spacing\"><span class=\"h-button__outer style-1500-outer style-local-1114-c25-outer d-inline-flex h-element\"><a h-use-smooth-scroll=\"true\" href=\"https:\/\/main.glab.at\/?page_id=2\"  data-colibri-id=\"1114-c25\" class=\"d-flex w-100 align-items-center h-button justify-content-lg-center justify-content-md-center justify-content-center style-1500 style-local-1114-c25 position-relative\"><!----><!----> <span>Kontakt<\/span><\/a>\n                    <\/span>\n                  <\/div>\n                <\/div>\n              <\/div>\n            <\/div>\n          <\/div>\n        <\/div>\n      <\/div>\n    <\/div>\n  <\/div>\n  <div data-colibri-component=\"section\" data-colibri-id=\"1114-c31\" id=\"reusable-sections-5\" class=\"h-section h-section-global-spacing d-flex align-items-lg-center align-items-md-center align-items-center style-3756 style-local-1114-c31 position-relative\">\n    <!---->\n    <!---->\n    <div class=\"h-section-grid-container h-section-boxed-container\">\n      <!---->\n      <div data-colibri-id=\"1114-c32\" class=\"h-row-container gutters-row-lg-2 gutters-row-md-2 gutters-row-0 gutters-row-v-lg-2 gutters-row-v-md-2 gutters-row-v-2 style-3757 style-local-1114-c32 position-relative\">\n        <!---->\n        <div class=\"h-row justify-content-lg-center justify-content-md-center justify-content-center align-items-lg-stretch align-items-md-stretch align-items-stretch gutters-col-lg-2 gutters-col-md-2 gutters-col-0 gutters-col-v-lg-2 gutters-col-v-md-2 gutters-col-v-2\">\n          <!---->\n          <div class=\"h-column h-column-container d-flex h-col-lg-auto h-col-md-auto h-col-auto style-3758-outer style-local-1114-c33-outer\">\n            <div data-colibri-id=\"1114-c33\" class=\"d-flex h-flex-basis h-column__inner h-px-lg-2 h-px-md-2 h-px-2 v-inner-lg-2 v-inner-md-2 v-inner-2 style-3758 style-local-1114-c33 position-relative\">\n              <!---->\n              <!---->\n              <div class=\"w-100 h-y-container h-column__content h-column__v-align flex-basis-100 align-self-lg-start align-self-md-start align-self-start\">\n                <!---->\n                <div data-colibri-id=\"1114-c34\" class=\"h-lead h-text h-text-component style-3759 style-local-1114-c34 position-relative h-element\">\n                  <!---->\n                  <!---->\n                  <div class=\"\">\n                    <p>Unsere Partner, wenn es um Ladeger\u00e4te Pr\u00fcfger\u00e4te geht!<\/p>\n                  <\/div>\n                <\/div>\n                <div data-colibri-id=\"1114-c35\" class=\"h-row-container gutters-row-lg-2 gutters-row-md-2 gutters-row-0 gutters-row-v-lg-2 gutters-row-v-md-2 gutters-row-v-2 style-3760 style-local-1114-c35 position-relative\">\n                  <!---->\n                  <div class=\"h-row justify-content-lg-center justify-content-md-center justify-content-center align-items-lg-center align-items-md-center align-items-center gutters-col-lg-2 gutters-col-md-2 gutters-col-0 gutters-col-v-lg-2 gutters-col-v-md-2 gutters-col-v-2\">\n                    <!---->\n                    <div class=\"h-column h-column-container d-flex h-col-lg-2 h-col-md-6 h-col-6 align-self-lg-center align-self-md-center align-self-center style-3761-outer style-local-1114-c36-outer\">\n                      <div data-colibri-id=\"1114-c36\" class=\"d-flex h-flex-basis h-column__inner h-px-lg-0 h-px-md-0 h-px-0 v-inner-lg-0 v-inner-md-0 v-inner-0 style-3761 style-local-1114-c36 position-relative\">\n                        <!---->\n                        <!---->\n                        <div class=\"w-100 h-y-container h-column__content h-column__v-align flex-basis-100 align-self-lg-center align-self-md-center align-self-center\">\n                          <!---->\n                          <div data-colibri-id=\"1114-c14\" class=\"d-block style-1756 style-local-1114-c14 position-relative h-element\">\n                            <!---->\n                            <div class=\"h-image__frame-container-outer\">\n                              <div class=\"h-image__frame-container\">\n                                <!---->\n                                <!---->\n                                <img loading=\"lazy\" decoding=\"async\" width=\"500\" height=\"300\" src=\"https:\/\/main.glab.at\/wp-content\/uploads\/2024\/03\/gys-logo.png\" class=\"wp-image-1858 style-1756-image style-local-1114-c14-image\" alt=\"\" srcset=\"https:\/\/siems-klein.at\/wp-content\/uploads\/2024\/03\/gys-logo.png 500w, https:\/\/siems-klein.at\/wp-content\/uploads\/2024\/03\/gys-logo-300x180.png 300w\" sizes=\"auto, (max-width: 500px) 100vw, 500px\" \/>\n                                <div class=\"h-image__frame h-hide-lg h-hide-md h-hide-sm style-1756-frameImage style-local-1114-c14-frameImage\"><\/div>\n                              <\/div>\n                            <\/div>\n                          <\/div>\n                        <\/div>\n                      <\/div>\n                    <\/div>\n                    <div class=\"h-column h-column-container d-flex h-col-lg-2 h-col-md-6 h-col-6 align-self-lg-center align-self-md-center align-self-center style-3761-outer style-local-1114-c38-outer\">\n                      <div data-colibri-id=\"1114-c38\" class=\"d-flex h-flex-basis h-column__inner h-px-lg-0 h-px-md-0 h-px-0 v-inner-lg-0 v-inner-md-0 v-inner-0 style-3761 style-local-1114-c38 position-relative\">\n                        <!---->\n                        <!---->\n                        <div class=\"w-100 h-y-container h-column__content h-column__v-align flex-basis-100 align-self-lg-center align-self-md-center align-self-center\">\n                          <!---->\n                          <div data-colibri-id=\"1114-c39\" class=\"d-block style-3763 style-local-1114-c39 position-relative h-element\">\n                            <!---->\n                            <div class=\"h-image__frame-container-outer\">\n                              <div class=\"h-image__frame-container\">\n                                <!---->\n                                <!---->\n                                <img loading=\"lazy\" decoding=\"async\" width=\"463\" height=\"463\" src=\"https:\/\/siems-klein.at\/wp-content\/uploads\/2024\/03\/cropped-launch-1.jpg\" class=\"wp-image-4806 style-3763-image style-local-1114-c39-image\" alt=\"\" srcset=\"https:\/\/siems-klein.at\/wp-content\/uploads\/2024\/03\/cropped-launch-1.jpg 463w, https:\/\/siems-klein.at\/wp-content\/uploads\/2024\/03\/cropped-launch-1-300x300.jpg 300w, https:\/\/siems-klein.at\/wp-content\/uploads\/2024\/03\/cropped-launch-1-150x150.jpg 150w\" sizes=\"auto, (max-width: 463px) 100vw, 463px\" \/>\n                                <div class=\"h-image__frame h-hide-lg h-hide-md h-hide-sm style-3763-frameImage style-local-1114-c39-frameImage\"><\/div>\n                              <\/div>\n                            <\/div>\n                          <\/div>\n                        <\/div>\n                      <\/div>\n                    <\/div>\n                    <div class=\"h-column h-column-container d-flex h-col-lg-2 h-col-md-6 h-col-6 align-self-lg-center align-self-md-center align-self-center style-3761-outer style-local-1114-c40-outer\">\n                      <div data-colibri-id=\"1114-c40\" class=\"d-flex h-flex-basis h-column__inner h-ui-empty-state-container h-px-lg-0 h-px-md-0 h-px-0 v-inner-lg-0 v-inner-md-0 v-inner-0 style-3761 style-local-1114-c40 position-relative\">\n                        <!---->\n                        <!---->\n                        <div class=\"w-100 h-y-container h-column__content h-column__v-align flex-basis-100\">\n                          <!---->\n                        <\/div>\n                      <\/div>\n                    <\/div>\n                    <div class=\"h-column h-column-container d-flex h-col-lg-2 h-col-md-6 h-col-6 align-self-lg-center align-self-md-center align-self-center style-3765-outer style-local-1114-c42-outer\">\n                      <div data-colibri-id=\"1114-c42\" class=\"d-flex h-flex-basis h-column__inner h-ui-empty-state-container h-px-lg-2 h-px-md-2 h-px-2 v-inner-lg-2 v-inner-md-2 v-inner-2 style-3765 style-local-1114-c42 position-relative\">\n                        <!---->\n                        <!---->\n                        <div class=\"w-100 h-y-container h-column__content h-column__v-align flex-basis-100\">\n                          <!---->\n                        <\/div>\n                      <\/div>\n                    <\/div>\n                    <div class=\"h-column h-column-container d-flex h-col-lg-2 h-col-md-6 h-col-6 align-self-lg-center align-self-md-center align-self-center style-3766-outer style-local-1114-c43-outer\">\n                      <div data-colibri-id=\"1114-c43\" class=\"d-flex h-flex-basis h-column__inner h-ui-empty-state-container h-px-lg-2 h-px-md-2 h-px-2 v-inner-lg-2 v-inner-md-2 v-inner-2 style-3766 style-local-1114-c43 position-relative\">\n                        <!---->\n                        <!---->\n                        <div class=\"w-100 h-y-container h-column__content h-column__v-align flex-basis-100\">\n                          <!---->\n                        <\/div>\n                      <\/div>\n                    <\/div>\n                    <div class=\"h-column h-column-container d-flex h-col-lg-2 h-col-md-6 h-col-6 align-self-lg-center align-self-md-center align-self-center style-3767-outer style-local-1114-c44-outer\">\n                      <div data-colibri-id=\"1114-c44\" class=\"d-flex h-flex-basis h-column__inner h-ui-empty-state-container h-px-lg-2 h-px-md-2 h-px-2 v-inner-lg-2 v-inner-md-2 v-inner-2 style-3767 style-local-1114-c44 position-relative\">\n                        <!---->\n                        <!---->\n                        <div class=\"w-100 h-y-container h-column__content h-column__v-align flex-basis-100\">\n                          <!---->\n                        <\/div>\n                      <\/div>\n                    <\/div>\n                  <\/div>\n                <\/div>\n              <\/div>\n            <\/div>\n          <\/div>\n        <\/div>\n      <\/div>\n    <\/div>\n  <\/div>\n<\/div>","protected":false},"excerpt":{"rendered":"<p>Ladeger\u00e4te Unsere Produkte: Interesse an einem unserer Produkte geweckt? Kontaktieren Sie uns f\u00fcr ein unverbindliches Gespr\u00e4ch oder Beratung! Kontakt Unsere Partner, wenn es um Ladeger\u00e4te Pr\u00fcfger\u00e4te geht!<\/p>\n","protected":false},"author":1,"featured_media":0,"parent":0,"menu_order":0,"comment_status":"closed","ping_status":"closed","template":"page-templates\/full-width-page.php","meta":{"om_disable_all_campaigns":false,"_monsterinsights_skip_tracking":false,"_monsterinsights_sitenote_active":false,"_monsterinsights_sitenote_note":"","_monsterinsights_sitenote_category":0,"_uf_show_specific_survey":0,"_uf_disable_surveys":false,"footnotes":""},"class_list":["post-1114","page","type-page","status-publish","hentry"],"aioseo_notices":[],"_links":{"self":[{"href":"https:\/\/siems-klein.at\/index.php?rest_route=\/wp\/v2\/pages\/1114","targetHints":{"allow":["GET"]}}],"collection":[{"href":"https:\/\/siems-klein.at\/index.php?rest_route=\/wp\/v2\/pages"}],"about":[{"href":"https:\/\/siems-klein.at\/index.php?rest_route=\/wp\/v2\/types\/page"}],"author":[{"embeddable":true,"href":"https:\/\/siems-klein.at\/index.php?rest_route=\/wp\/v2\/users\/1"}],"replies":[{"embeddable":true,"href":"https:\/\/siems-klein.at\/index.php?rest_route=%2Fwp%2Fv2%2Fcomments&post=1114"}],"version-history":[{"count":14,"href":"https:\/\/siems-klein.at\/index.php?rest_route=\/wp\/v2\/pages\/1114\/revisions"}],"predecessor-version":[{"id":6829,"href":"https:\/\/siems-klein.at\/index.php?rest_route=\/wp\/v2\/pages\/1114\/revisions\/6829"}],"wp:attachment":[{"href":"https:\/\/siems-klein.at\/index.php?rest_route=%2Fwp%2Fv2%2Fmedia&parent=1114"}],"curies":[{"name":"wp","href":"https:\/\/api.w.org\/{rel}","templated":true}]}}