{"id":1111,"date":"2024-03-11T11:23:34","date_gmt":"2024-03-11T10:23:34","guid":{"rendered":"https:\/\/main.glab.at\/?page_id=1111"},"modified":"2025-09-10T14:43:15","modified_gmt":"2025-09-10T12:43:15","slug":"altoelauffanggeraet","status":"publish","type":"page","link":"https:\/\/siems-klein.at\/?page_id=1111","title":{"rendered":"Alt\u00f6lauffangger\u00e4t"},"content":{"rendered":"<div data-colibri-id=\"1111-c1\" class=\"style-1154 style-local-1111-c1 position-relative\">\r\n  <!---->\r\n  <div data-colibri-component=\"section\" data-colibri-id=\"1111-c2\" id=\"content-2\" class=\"h-section h-section-global-spacing d-flex align-items-lg-center align-items-md-center align-items-center style-1175 style-local-1111-c2 position-relative\">\r\n    <!---->\r\n    <!---->\r\n    <div class=\"h-section-grid-container h-section-fluid-container\">\r\n      <!---->\r\n      <div data-colibri-id=\"1111-c3\" class=\"h-row-container gutters-row-lg-2 gutters-row-md-2 gutters-row-0 gutters-row-v-lg-2 gutters-row-v-md-2 gutters-row-v-2 style-1250 style-local-1111-c3 position-relative\">\r\n        <!---->\r\n        <div class=\"h-row justify-content-lg-center justify-content-md-center justify-content-center align-items-lg-stretch align-items-md-stretch align-items-stretch gutters-col-lg-2 gutters-col-md-2 gutters-col-0 gutters-col-v-lg-2 gutters-col-v-md-2 gutters-col-v-2\">\r\n          <!---->\r\n          <div class=\"h-column h-column-container d-flex h-col-lg-auto h-col-md-auto h-col-auto style-1251-outer style-local-1111-c4-outer\">\r\n            <div data-colibri-id=\"1111-c4\" class=\"d-flex h-flex-basis h-column__inner h-px-lg-2 h-px-md-2 h-px-2 v-inner-lg-2 v-inner-md-2 v-inner-2 style-1251 style-local-1111-c4 position-relative\">\r\n              <!---->\r\n              <!---->\r\n              <div class=\"w-100 h-y-container h-column__content h-column__v-align flex-basis-100 align-self-lg-start align-self-md-start align-self-start\">\r\n                <!---->\r\n                <div data-colibri-id=\"1111-c5\" class=\"h-text h-text-component style-1252 style-local-1111-c5 position-relative h-element\">\r\n                  <!---->\r\n                  <!---->\r\n                  <div class=\"\">\r\n                    <h2><span style=\"color: rgb(60, 101, 112);\">Alt\u00f6labsaug <\/span><span style=\"color: rgb(62, 98, 111);\">und Auffangger\u00e4t<\/span><\/h2>\r\n                    <p>\r\n                      <br>\r\n                    <\/p>\r\n                  <\/div>\r\n                <\/div>\r\n              <\/div>\r\n            <\/div>\r\n          <\/div>\r\n        <\/div>\r\n      <\/div>\r\n      <div data-colibri-id=\"1111-c19\" class=\"h-row-container gutters-row-lg-2 gutters-row-md-2 gutters-row-0 gutters-row-v-lg-2 gutters-row-v-md-2 gutters-row-v-2 style-3234 style-local-1111-c19 position-relative\">\r\n        <!---->\r\n        <div class=\"h-row justify-content-lg-center justify-content-md-center justify-content-center align-items-lg-stretch align-items-md-stretch align-items-stretch gutters-col-lg-2 gutters-col-md-2 gutters-col-0 gutters-col-v-lg-2 gutters-col-v-md-2 gutters-col-v-2\">\r\n          <!---->\r\n          <div class=\"h-column h-column-container d-flex h-col-lg-auto h-col-md-auto h-col-auto style-3235-outer style-local-1111-c20-outer\">\r\n            <div data-colibri-id=\"1111-c20\" class=\"d-flex h-flex-basis h-column__inner h-px-lg-2 h-px-md-2 h-px-2 v-inner-lg-2 v-inner-md-2 v-inner-2 style-3235 style-local-1111-c20 position-relative\">\r\n              <!---->\r\n              <!---->\r\n              <div class=\"w-100 h-y-container h-column__content h-column__v-align flex-basis-100 align-self-lg-start align-self-md-start align-self-start\">\r\n                <!---->\r\n                <div data-colibri-id=\"1111-c21\" class=\"h-text h-text-component style-3236 style-local-1111-c21 position-relative h-element\">\r\n                  <!---->\r\n                  <!---->\r\n                  <div class=\"\">\r\n                    <h2><span style=\"color: rgb(72, 108, 123);\">Alt\u00f6labsaug und Auffangger\u00e4t RS44084<\/span><\/h2>\r\n                    <ul>\r\n                      <li>80 Liter Beh\u00e4lter gr\u00fcn<\/li>\r\n                      <li>Druckluftentleerung 2 Bock &#8211; 2 Lenkrollen<\/li>\r\n                      <li>Auffangwanne 16 Liter<\/li>\r\n                      <li>Schwenk und verstellbar 1415 &#8211; 1880mm<\/li>\r\n                    <\/ul>\r\n                  <\/div>\r\n                <\/div>\r\n                <div data-colibri-id=\"1111-c22\" class=\"d-block style-3237 style-local-1111-c22 position-relative h-element\">\r\n                  <!---->\r\n                  <div class=\"h-image__frame-container-outer\">\r\n                    <div class=\"h-image__frame-container\">\r\n                      <!---->\r\n                      <!---->\r\n                      <img decoding=\"async\" src=\"https:\/\/siems-klein.at\/wp-content\/uploads\/2025\/05\/oelauffang-300x300.png\" class=\"style-3237-image style-local-1111-c22-image\">\r\n                      <div class=\"h-image__frame h-hide-lg h-hide-md h-hide-sm style-3237-frameImage style-local-1111-c22-frameImage\"><\/div>\r\n                    <\/div>\r\n                  <\/div>\r\n                <\/div>\r\n              <\/div>\r\n            <\/div>\r\n          <\/div>\r\n        <\/div>\r\n      <\/div>\r\n    <\/div>\r\n  <\/div>\r\n  <div data-colibri-component=\"section\" data-colibri-id=\"1111-c11\" id=\"custom\" class=\"h-section h-section-global-spacing d-flex align-items-lg-center align-items-md-center align-items-center style-1186 style-local-1111-c11 position-relative\">\r\n    <!---->\r\n    <!---->\r\n    <div class=\"h-section-grid-container h-section-boxed-container\">\r\n      <!---->\r\n      <div data-colibri-id=\"1111-c12\" class=\"h-row-container gutters-row-lg-2 gutters-row-md-2 gutters-row-0 gutters-row-v-lg-2 gutters-row-v-md-2 gutters-row-v-2 style-1354 style-local-1111-c12 position-relative\">\r\n        <!---->\r\n        <div class=\"h-row justify-content-lg-center justify-content-md-center justify-content-center align-items-lg-stretch align-items-md-stretch align-items-stretch gutters-col-lg-2 gutters-col-md-2 gutters-col-0 gutters-col-v-lg-2 gutters-col-v-md-2 gutters-col-v-2\">\r\n          <!---->\r\n          <div class=\"h-column h-column-container d-flex h-col-lg-auto h-col-md-auto h-col-auto style-1355-outer style-local-1111-c13-outer\">\r\n            <div data-colibri-id=\"1111-c13\" class=\"d-flex h-flex-basis h-column__inner h-px-lg-2 h-px-md-2 h-px-2 v-inner-lg-2 v-inner-md-2 v-inner-2 style-1355 style-local-1111-c13 position-relative\">\r\n              <!---->\r\n              <!---->\r\n              <div class=\"w-100 h-y-container h-column__content h-column__v-align flex-basis-100 align-self-lg-start align-self-md-start align-self-start\">\r\n                <!---->\r\n                <div data-colibri-id=\"1111-c14\" class=\"h-text h-text-component style-1356 style-local-1111-c14 position-relative h-element\">\r\n                  <!---->\r\n                  <!---->\r\n                  <div class=\"\">\r\n                    <p>Interesse an einem unserer Produkte geweckt?<\/p>\r\n                    <p>Kontaktieren Sie uns f\u00fcr ein unverbindliches Gespr\u00e4ch oder Beratung!<\/p>\r\n                  <\/div>\r\n                <\/div>\r\n              <\/div>\r\n            <\/div>\r\n          <\/div>\r\n        <\/div>\r\n      <\/div>\r\n      <div data-colibri-id=\"1111-c15\" class=\"h-row-container gutters-row-lg-1 gutters-row-md-1 gutters-row-0 gutters-row-v-lg-1 gutters-row-v-md-1 gutters-row-v-1 style-1187 style-local-1111-c15 position-relative\">\r\n        <!---->\r\n        <div class=\"h-row justify-content-lg-center justify-content-md-center justify-content-center align-items-lg-stretch align-items-md-stretch align-items-stretch gutters-col-lg-1 gutters-col-md-1 gutters-col-0 gutters-col-v-lg-1 gutters-col-v-md-1 gutters-col-v-1\">\r\n          <!---->\r\n          <div class=\"h-column h-column-container d-flex h-col-lg-auto h-col-md-auto h-col-auto style-1188-outer style-local-1111-c16-outer\">\r\n            <div data-colibri-id=\"1111-c16\" class=\"d-flex h-flex-basis h-column__inner h-px-lg-1 h-px-md-1 h-px-1 v-inner-lg-1 v-inner-md-1 v-inner-1 style-1188 style-local-1111-c16 position-relative\">\r\n              <!---->\r\n              <!---->\r\n              <div class=\"w-100 h-y-container h-column__content h-column__v-align flex-basis-100 align-self-lg-start align-self-md-start align-self-start\">\r\n                <!---->\r\n                <div data-colibri-id=\"1111-c17\" class=\"h-x-container style-1189 style-local-1111-c17 position-relative h-element\">\r\n                  <!---->\r\n                  <div class=\"h-x-container-inner style-dynamic-1111-c17-group style-1189-spacing style-local-1111-c17-spacing\"><span class=\"h-button__outer style-1190-outer style-local-1111-c18-outer d-inline-flex h-element\"><a h-use-smooth-scroll=\"true\" href=\".\/?page_id=2\"  data-colibri-id=\"1111-c18\" class=\"d-flex w-100 align-items-center h-button justify-content-lg-center justify-content-md-center justify-content-center style-1190 style-local-1111-c18 position-relative\"><!----><!----> <span>Kontakt<\/span><\/a>\r\n                    <\/span>\r\n                  <\/div>\r\n                <\/div>\r\n              <\/div>\r\n            <\/div>\r\n          <\/div>\r\n        <\/div>\r\n      <\/div>\r\n    <\/div>\r\n  <\/div>\r\n<\/div>","protected":false},"excerpt":{"rendered":"<p>Alt\u00f6labsaug und Auffangger\u00e4t Alt\u00f6labsaug und Auffangger\u00e4t RS44084 80 Liter Beh\u00e4lter gr\u00fcn Druckluftentleerung 2 Bock &#8211; 2 Lenkrollen Auffangwanne 16 Liter Schwenk und verstellbar 1415 &#8211; 1880mm Interesse an einem unserer Produkte geweckt? Kontaktieren Sie uns f\u00fcr ein unverbindliches Gespr\u00e4ch oder Beratung! Kontakt<\/p>\n","protected":false},"author":1,"featured_media":0,"parent":0,"menu_order":0,"comment_status":"closed","ping_status":"closed","template":"page-templates\/full-width-page.php","meta":{"om_disable_all_campaigns":false,"_monsterinsights_skip_tracking":false,"_monsterinsights_sitenote_active":false,"_monsterinsights_sitenote_note":"","_monsterinsights_sitenote_category":0,"_uf_show_specific_survey":0,"_uf_disable_surveys":false,"footnotes":""},"class_list":["post-1111","page","type-page","status-publish","hentry"],"aioseo_notices":[],"_links":{"self":[{"href":"https:\/\/siems-klein.at\/index.php?rest_route=\/wp\/v2\/pages\/1111","targetHints":{"allow":["GET"]}}],"collection":[{"href":"https:\/\/siems-klein.at\/index.php?rest_route=\/wp\/v2\/pages"}],"about":[{"href":"https:\/\/siems-klein.at\/index.php?rest_route=\/wp\/v2\/types\/page"}],"author":[{"embeddable":true,"href":"https:\/\/siems-klein.at\/index.php?rest_route=\/wp\/v2\/users\/1"}],"replies":[{"embeddable":true,"href":"https:\/\/siems-klein.at\/index.php?rest_route=%2Fwp%2Fv2%2Fcomments&post=1111"}],"version-history":[{"count":15,"href":"https:\/\/siems-klein.at\/index.php?rest_route=\/wp\/v2\/pages\/1111\/revisions"}],"predecessor-version":[{"id":4845,"href":"https:\/\/siems-klein.at\/index.php?rest_route=\/wp\/v2\/pages\/1111\/revisions\/4845"}],"wp:attachment":[{"href":"https:\/\/siems-klein.at\/index.php?rest_route=%2Fwp%2Fv2%2Fmedia&parent=1111"}],"curies":[{"name":"wp","href":"https:\/\/api.w.org\/{rel}","templated":true}]}}